{"id":55,"date":"2023-01-21T08:31:01","date_gmt":"2023-01-21T08:31:01","guid":{"rendered":"https:\/\/www.asociaciongerminal.org\/liburu\/?page_id=55"},"modified":"2023-01-21T08:31:01","modified_gmt":"2023-01-21T08:31:01","slug":"politica-de-privacidad","status":"publish","type":"page","link":"https:\/\/www.asociaciongerminal.org\/liburu\/cookies-privacidad\/politica-de-privacidad","title":{"rendered":"Pol\u00edtica de Privacidad"},"content":{"rendered":"<div class=\"post-headline\">\n<p>Particular informa a los usuarios del sitio web sobre su pol\u00edtica respecto del tratamiento y protecci\u00f3n de los datos de car\u00e1cter personal de los usuarios y clientes que puedan ser recabados por la navegaci\u00f3n o contrataci\u00f3n de servicios a trav\u00e9s de su sitio web.<\/p>\n<\/div>\n<div class=\"post-bodycopy clearfix\">\n<p>En este sentido, Particular garantiza el cumplimiento de la normativa vigente en materia de protecci\u00f3n de datos personales, reflejada en la Ley Org\u00e1nica 15\u20441999, de 13 de diciembre, de Protecci\u00f3n de Datos de Car\u00e1cter Personal (LOPD), y al Real Decreto 1720\u20442007, de 21 de diciembre, conocido como el Reglamento de desarrollo de la LOPD. Cumple tambi\u00e9n con el Reglamento (UE) 2016\u2044679 del Parlamento Europeo y del Consejo de 27 de abril de 2016 relativo a la protecci\u00f3n de las personas f\u00edsicas (RGPD).<\/p>\n<p>El uso de esta web implica la aceptaci\u00f3n de esta pol\u00edtica de privacidad.<\/p>\n<h2>\u00bfGerminal recoge alg\u00fan dato personal?<\/h2>\n<p>Para que puedas navegar por las webs de <a href=\"https:\/\/www.germinal.org\/\" target=\"_blank\" rel=\"noopener noreferrer\">https:\/\/www.germinal.org<\/a>, no es necesario que facilites ning\u00fan dato personal.<\/p>\n<h2>Contenido de otros sitios web<\/h2>\n<p>Los art\u00edculos de este sitio pueden incluir contenido incrustado (por ejemplo, v\u00eddeos, im\u00e1genes, art\u00edculos, etc.). El contenido incrustado de otras web se comporta exactamente de la misma manera que si el visitante hubiera visitado la otra web.<\/p>\n<p>Estas web pueden recopilar datos sobre ti, utilizar cookies, incrustar un seguimiento adicional de terceros, y supervisar tu interacci\u00f3n con ese contenido incrustado, incluido el seguimiento de su interacci\u00f3n con el contenido incrustado si tienes una cuenta y est\u00e1s conectado a esa web.<\/p>\n<h2>Cookies<\/h2>\n<p>Te informo que para que el sitio funcione correctamente necesita utilizar cookies, que es informaci\u00f3n que se almacena en tu navegador para facilitar la navegaci\u00f3n.<\/p>\n<p>Puede consultar aqu\u00ed\u00a0<a href=\"https:\/\/www.germinal.org\/politica-de-cookies\" target=\"_blank\" rel=\"nofollow noopener noreferrer\">la pol\u00edtica de cookies<\/a>.<\/p>\n<h2>Legitimaci\u00f3n para el tratamiento de tus datos<\/h2>\n<p>La base legal para el tratamiento de sus datos es: el consentimiento.<\/p>\n<p>Para contactar o realizar comentarios en esta web se requiere la aceptaci\u00f3n de esta pol\u00edtica de privacidad.<\/p>\n<h2>Categor\u00eda de datos<\/h2>\n<ul>\n<li>Las categor\u00edas de datos que se tratan son datos identificativos.<\/li>\n<li>No se tratan categor\u00edas de datos especialmente protegidos.<\/li>\n<\/ul>\n<h2>Navegaci\u00f3n Web<\/h2>\n<p>Al navegar por\u00a0<a href=\"https:\/\/www.germinal.org\/\" target=\"_blank\" rel=\"noopener noreferrer\">https:\/\/www.germinal.org<\/a>\u00a0se pueden recoger datos\u00a0<strong>no identificables<\/strong>, que pueden incluir, direcciones IP, ubicaci\u00f3n geogr\u00e1fica (aproximadamente), un registro de c\u00f3mo se utilizan los servicios y sitios, y otros datos que no pueden ser utilizados para identificar al usuario. Entre los datos no identificativos est\u00e1n tambi\u00e9n los relacionados a tus h\u00e1bitos de navegaci\u00f3n a trav\u00e9s de servicios de terceros.<\/p>\n<p>Estas webs utilizan los siguientes servicios de an\u00e1lisis de terceros:<\/p>\n<ul>\n<li>Google Analytics<\/li>\n<\/ul>\n<p>Utilizamos esta informaci\u00f3n para analizar tendencias, administrar el sitio, rastrear los movimientos de los usuarios alrededor del sitio y para recopilar informaci\u00f3n demogr\u00e1fica sobre nuestra base de usuarios en su conjunto.<\/p>\n<h2>Aceptaci\u00f3n y consentimiento<\/h2>\n<p>El usuario declara haber sido informado de las condiciones sobre protecci\u00f3n de datos de car\u00e1cter personal, aceptando y consintiendo el tratamiento de los mismos por parte de Particular en la forma y para las finalidades indicadas en esta pol\u00edtica de privacidad.<\/p>\n<h2>Cambios en la pol\u00edtica de privacidad<\/h2>\n<p>Particular se reserva el derecho a modificar la presente pol\u00edtica para adaptarla a novedades legislativas o jurisprudenciales, as\u00ed como a pr\u00e1cticas de la industria. En dichos supuestos, Particular anunciar\u00e1 en esta p\u00e1gina los cambios introducidos con razonable antelaci\u00f3n a su puesta en pr\u00e1ctica.<\/p>\n<\/div>\n<div class=\"addtoany_share_save_container addtoany_content addtoany_content_bottom\">\n<div class=\"a2a_kit a2a_kit_size_16 addtoany_list\" data-a2a-url=\"https:\/\/www.asociaciongerminal.org\/?page_id=1869\" data-a2a-title=\"Pol\u00edtica de Privacidad\"><a class=\"a2a_button_facebook\" title=\"Facebook\" href=\"https:\/\/www.asociaciongerminal.org\/#facebook\" target=\"_blank\" rel=\"nofollow noopener\"><span class=\"a2a_label\">Facebook<\/span><\/a><a class=\"a2a_button_twitter\" title=\"Twitter\" href=\"https:\/\/www.asociaciongerminal.org\/#twitter\" target=\"_blank\" rel=\"nofollow noopener\"><span class=\"a2a_label\">Twitter<\/span><\/a><a class=\"a2a_button_telegram\" title=\"Telegram\" href=\"https:\/\/www.asociaciongerminal.org\/#telegram\" target=\"_blank\" rel=\"nofollow noopener\"><span class=\"a2a_label\">Telegram<\/span><\/a><a class=\"a2a_button_whatsapp\" title=\"WhatsApp\" href=\"https:\/\/www.asociaciongerminal.org\/#whatsapp\" target=\"_blank\" rel=\"nofollow noopener\"><span class=\"a2a_label\">WhatsApp<\/span><\/a><a class=\"a2a_button_vk\" title=\"VK\" href=\"https:\/\/www.asociaciongerminal.org\/#vk\" target=\"_blank\" rel=\"nofollow noopener\"><span class=\"a2a_label\">VK<\/span><\/a><a class=\"a2a_button_sms\" title=\"SMS\" href=\"https:\/\/www.asociaciongerminal.org\/#sms\" target=\"_blank\" rel=\"nofollow noopener\"><span class=\"a2a_label\">SMS<\/span><\/a><a class=\"a2a_button_meneame\" title=\"Meneame\" href=\"https:\/\/www.asociaciongerminal.org\/#meneame\" target=\"_blank\" rel=\"nofollow noopener\"><span class=\"a2a_label\">Meneame<\/span><\/a><a class=\"a2a_dd addtoany_share_save addtoany_share\" href=\"https:\/\/www.addtoany.com\/share#url=https%3A%2F%2Fwww.asociaciongerminal.org%2F%3Fpage_id%3D1869&amp;title=Pol%C3%ADtica%20de%20Privacidad\"><img decoding=\"async\" src=\"https:\/\/static.addtoany.com\/buttons\/favicon.png\" alt=\"Share\" \/><\/a><\/div>\n<\/div>\n","protected":false},"excerpt":{"rendered":"<p>Particular informa a los usuarios del sitio web sobre su pol\u00edtica respecto del tratamiento y protecci\u00f3n de los datos de<\/p>\n","protected":false},"author":3,"featured_media":87,"parent":50,"menu_order":0,"comment_status":"closed","ping_status":"closed","template":"","meta":{"footnotes":"","_links_to":"","_links_to_target":""},"class_list":["post-55","page","type-page","status-publish","has-post-thumbnail","hentry"],"publishpress_future_action":{"enabled":false,"date":"2026-07-08 13:24:30","action":"change-status","newStatus":"draft","terms":[],"taxonomy":"","extraData":[]},"publishpress_future_workflow_manual_trigger":{"enabledWorkflows":[]},"_links":{"self":[{"href":"https:\/\/www.asociaciongerminal.org\/liburu\/wp-json\/wp\/v2\/pages\/55","targetHints":{"allow":["GET"]}}],"collection":[{"href":"https:\/\/www.asociaciongerminal.org\/liburu\/wp-json\/wp\/v2\/pages"}],"about":[{"href":"https:\/\/www.asociaciongerminal.org\/liburu\/wp-json\/wp\/v2\/types\/page"}],"author":[{"embeddable":true,"href":"https:\/\/www.asociaciongerminal.org\/liburu\/wp-json\/wp\/v2\/users\/3"}],"replies":[{"embeddable":true,"href":"https:\/\/www.asociaciongerminal.org\/liburu\/wp-json\/wp\/v2\/comments?post=55"}],"version-history":[{"count":1,"href":"https:\/\/www.asociaciongerminal.org\/liburu\/wp-json\/wp\/v2\/pages\/55\/revisions"}],"predecessor-version":[{"id":56,"href":"https:\/\/www.asociaciongerminal.org\/liburu\/wp-json\/wp\/v2\/pages\/55\/revisions\/56"}],"up":[{"embeddable":true,"href":"https:\/\/www.asociaciongerminal.org\/liburu\/wp-json\/wp\/v2\/pages\/50"}],"wp:featuredmedia":[{"embeddable":true,"href":"https:\/\/www.asociaciongerminal.org\/liburu\/wp-json\/wp\/v2\/media\/87"}],"wp:attachment":[{"href":"https:\/\/www.asociaciongerminal.org\/liburu\/wp-json\/wp\/v2\/media?parent=55"}],"curies":[{"name":"wp","href":"https:\/\/api.w.org\/{rel}","templated":true}]}}